{"id":93,"date":"2023-07-18T09:58:12","date_gmt":"2023-07-18T15:58:12","guid":{"rendered":"https:\/\/tufuturoangiologo.com.mx\/?page_id=93"},"modified":"2023-07-19T14:20:00","modified_gmt":"2023-07-19T20:20:00","slug":"quien-soy","status":"publish","type":"page","link":"https:\/\/tufuturoangiologo.com.mx\/?page_id=93","title":{"rendered":"\u00bfQui\u00e9n soy?"},"content":{"rendered":"\n<h1 class=\"wp-block-heading\" id=\"h-dr-sergio-antonio-perez-mendez\">Dr. Sergio Antonio P\u00e9rez M\u00e9ndez<\/h1>\n\n\n\n<ul class=\"wp-block-list\">\n<li>M\u00e9dico Cirujano egresado de la Facultad Mexicana de Medicina de la Universidad La Salle<\/li>\n\n\n\n<li>Entrenamiento en Cirug\u00eda General &#8211; Hospital Regional Lic. Adolfo L\u00f3pez Mateos &#8211; ISSSTE &#8211; UNAM<\/li>\n\n\n\n<li>Angi\u00f3logo, Cirujano Vascular y Endovascular &#8211; Hospital Regional Lic. Adolfo L\u00f3pez Mateos &#8211; ISSSTE &#8211; UNAM<\/li>\n\n\n\n<li>Certificado por el Consejo Mexicano de Angiolog\u00eda, Cirug\u00eda Vascular y Endovascular &#8211; CONACEM<\/li>\n\n\n\n<li>Miembro de la Sociedad Mexicana de Angiolog\u00eda, Cirug\u00eda Vascular y Endovascular<\/li>\n\n\n\n<li>Miembro de la American Limb Preservation Society<\/li>\n<\/ul>\n\n\n\n<figure class=\"wp-block-gallery alignleft has-nested-images columns-default is-cropped wp-block-gallery-1 is-layout-flex wp-block-gallery-is-layout-flex\">\n<figure class=\"wp-block-image size-full is-style-rounded\"><img loading=\"lazy\" decoding=\"async\" width=\"544\" height=\"563\" data-id=\"127\" src=\"https:\/\/tufuturoangiologo.com.mx\/wp-content\/uploads\/2023\/07\/images-22.jpeg\" alt=\"\" class=\"wp-image-127\" srcset=\"https:\/\/tufuturoangiologo.com.mx\/wp-content\/uploads\/2023\/07\/images-22.jpeg 544w, https:\/\/tufuturoangiologo.com.mx\/wp-content\/uploads\/2023\/07\/images-22-290x300.jpeg 290w\" sizes=\"auto, (max-width: 544px) 100vw, 544px\" \/><\/figure>\n\n\n<div class=\"wp-block-image is-style-rounded\">\n<figure class=\"aligncenter size-large\"><img loading=\"lazy\" decoding=\"async\" width=\"225\" height=\"225\" data-id=\"125\" src=\"https:\/\/tufuturoangiologo.com.mx\/wp-content\/uploads\/2023\/07\/descarga.png\" alt=\"\" class=\"wp-image-125\" srcset=\"https:\/\/tufuturoangiologo.com.mx\/wp-content\/uploads\/2023\/07\/descarga.png 225w, https:\/\/tufuturoangiologo.com.mx\/wp-content\/uploads\/2023\/07\/descarga-150x150.png 150w\" sizes=\"auto, (max-width: 225px) 100vw, 225px\" \/><\/figure>\n<\/div>\n\n\n<figure class=\"wp-block-image size-large is-style-rounded\"><img loading=\"lazy\" decoding=\"async\" width=\"966\" height=\"493\" data-id=\"126\" src=\"https:\/\/tufuturoangiologo.com.mx\/wp-content\/uploads\/2023\/07\/Screenshot_20230718_231834_Gmail-01.jpeg\" alt=\"\" class=\"wp-image-126\" srcset=\"https:\/\/tufuturoangiologo.com.mx\/wp-content\/uploads\/2023\/07\/Screenshot_20230718_231834_Gmail-01.jpeg 966w, https:\/\/tufuturoangiologo.com.mx\/wp-content\/uploads\/2023\/07\/Screenshot_20230718_231834_Gmail-01-300x153.jpeg 300w, https:\/\/tufuturoangiologo.com.mx\/wp-content\/uploads\/2023\/07\/Screenshot_20230718_231834_Gmail-01-768x392.jpeg 768w\" sizes=\"auto, (max-width: 966px) 100vw, 966px\" \/><\/figure>\n<\/figure>\n\n\n\n<p><\/p>\n","protected":false},"excerpt":{"rendered":"<p>Dr. Sergio Antonio P\u00e9rez M\u00e9ndez<\/p>\n","protected":false},"author":1,"featured_media":0,"parent":0,"menu_order":0,"comment_status":"closed","ping_status":"closed","template":"","meta":{"_kad_post_transparent":"","_kad_post_title":"","_kad_post_layout":"","_kad_post_sidebar_id":"","_kad_post_content_style":"","_kad_post_vertical_padding":"","_kad_post_feature":"","_kad_post_feature_position":"","_kad_post_header":false,"_kad_post_footer":false,"_kad_post_classname":"","footnotes":""},"class_list":["post-93","page","type-page","status-publish","hentry"],"yoast_head":"<!-- This site is optimized with the Yoast SEO Premium plugin v21.6 (Yoast SEO v27.3) - https:\/\/yoast.com\/product\/yoast-seo-premium-wordpress\/ -->\n<title>\u00bfQui\u00e9n soy? - www.tufuturoangiologo.com.mx<\/title>\n<meta name=\"robots\" content=\"index, follow, max-snippet:-1, max-image-preview:large, max-video-preview:-1\" \/>\n<link rel=\"canonical\" href=\"https:\/\/tufuturoangiologo.com.mx\/?page_id=93\" \/>\n<meta property=\"og:locale\" content=\"es_ES\" \/>\n<meta property=\"og:type\" content=\"article\" \/>\n<meta property=\"og:title\" content=\"\u00bfQui\u00e9n soy?\" \/>\n<meta property=\"og:description\" content=\"Dr. Sergio Antonio P\u00e9rez M\u00e9ndez\" \/>\n<meta property=\"og:url\" content=\"https:\/\/tufuturoangiologo.com.mx\/?page_id=93\" \/>\n<meta property=\"og:site_name\" content=\"www.tufuturoangiologo.com.mx\" \/>\n<meta property=\"article:modified_time\" content=\"2023-07-19T20:20:00+00:00\" \/>\n<meta property=\"og:image\" content=\"https:\/\/tufuturoangiologo.com.mx\/wp-content\/uploads\/2023\/07\/images-22.jpeg\" \/>\n<meta name=\"twitter:card\" content=\"summary_large_image\" \/>\n<meta name=\"twitter:label1\" content=\"Tiempo de lectura\" \/>\n\t<meta name=\"twitter:data1\" content=\"1 minuto\" \/>\n<script type=\"application\/ld+json\" class=\"yoast-schema-graph\">{\"@context\":\"https:\\\/\\\/schema.org\",\"@graph\":[{\"@type\":\"WebPage\",\"@id\":\"https:\\\/\\\/tufuturoangiologo.com.mx\\\/?page_id=93\",\"url\":\"https:\\\/\\\/tufuturoangiologo.com.mx\\\/?page_id=93\",\"name\":\"\u00bfQui\u00e9n soy? - www.tufuturoangiologo.com.mx\",\"isPartOf\":{\"@id\":\"https:\\\/\\\/tufuturoangiologo.com.mx\\\/#website\"},\"primaryImageOfPage\":{\"@id\":\"https:\\\/\\\/tufuturoangiologo.com.mx\\\/?page_id=93#primaryimage\"},\"image\":{\"@id\":\"https:\\\/\\\/tufuturoangiologo.com.mx\\\/?page_id=93#primaryimage\"},\"thumbnailUrl\":\"https:\\\/\\\/tufuturoangiologo.com.mx\\\/wp-content\\\/uploads\\\/2023\\\/07\\\/images-22.jpeg\",\"datePublished\":\"2023-07-18T15:58:12+00:00\",\"dateModified\":\"2023-07-19T20:20:00+00:00\",\"breadcrumb\":{\"@id\":\"https:\\\/\\\/tufuturoangiologo.com.mx\\\/?page_id=93#breadcrumb\"},\"inLanguage\":\"es\",\"potentialAction\":[{\"@type\":\"ReadAction\",\"target\":[\"https:\\\/\\\/tufuturoangiologo.com.mx\\\/?page_id=93\"]}]},{\"@type\":\"ImageObject\",\"inLanguage\":\"es\",\"@id\":\"https:\\\/\\\/tufuturoangiologo.com.mx\\\/?page_id=93#primaryimage\",\"url\":\"https:\\\/\\\/tufuturoangiologo.com.mx\\\/wp-content\\\/uploads\\\/2023\\\/07\\\/images-22.jpeg\",\"contentUrl\":\"https:\\\/\\\/tufuturoangiologo.com.mx\\\/wp-content\\\/uploads\\\/2023\\\/07\\\/images-22.jpeg\",\"width\":544,\"height\":563},{\"@type\":\"BreadcrumbList\",\"@id\":\"https:\\\/\\\/tufuturoangiologo.com.mx\\\/?page_id=93#breadcrumb\",\"itemListElement\":[{\"@type\":\"ListItem\",\"position\":1,\"name\":\"Portada\",\"item\":\"https:\\\/\\\/tufuturoangiologo.com.mx\\\/\"},{\"@type\":\"ListItem\",\"position\":2,\"name\":\"\u00bfQui\u00e9n soy?\"}]},{\"@type\":\"WebSite\",\"@id\":\"https:\\\/\\\/tufuturoangiologo.com.mx\\\/#website\",\"url\":\"https:\\\/\\\/tufuturoangiologo.com.mx\\\/\",\"name\":\"www.tufuturoangiologo.com.mx\",\"description\":\"Tu salud vascular en las mejores manos\",\"publisher\":{\"@id\":\"https:\\\/\\\/tufuturoangiologo.com.mx\\\/#organization\"},\"potentialAction\":[{\"@type\":\"SearchAction\",\"target\":{\"@type\":\"EntryPoint\",\"urlTemplate\":\"https:\\\/\\\/tufuturoangiologo.com.mx\\\/?s={search_term_string}\"},\"query-input\":{\"@type\":\"PropertyValueSpecification\",\"valueRequired\":true,\"valueName\":\"search_term_string\"}}],\"inLanguage\":\"es\"},{\"@type\":\"Organization\",\"@id\":\"https:\\\/\\\/tufuturoangiologo.com.mx\\\/#organization\",\"name\":\"www.tufuturoangiologo.com.mx\",\"url\":\"https:\\\/\\\/tufuturoangiologo.com.mx\\\/\",\"logo\":{\"@type\":\"ImageObject\",\"inLanguage\":\"es\",\"@id\":\"https:\\\/\\\/tufuturoangiologo.com.mx\\\/#\\\/schema\\\/logo\\\/image\\\/\",\"url\":\"https:\\\/\\\/tufuturoangiologo.com.mx\\\/wp-content\\\/uploads\\\/2025\\\/07\\\/cropped-SergioPerez_PNG-scaled-1.png\",\"contentUrl\":\"https:\\\/\\\/tufuturoangiologo.com.mx\\\/wp-content\\\/uploads\\\/2025\\\/07\\\/cropped-SergioPerez_PNG-scaled-1.png\",\"width\":2245,\"height\":1787,\"caption\":\"www.tufuturoangiologo.com.mx\"},\"image\":{\"@id\":\"https:\\\/\\\/tufuturoangiologo.com.mx\\\/#\\\/schema\\\/logo\\\/image\\\/\"}}]}<\/script>\n<!-- \/ Yoast SEO Premium plugin. -->","yoast_head_json":{"title":"\u00bfQui\u00e9n soy? - www.tufuturoangiologo.com.mx","robots":{"index":"index","follow":"follow","max-snippet":"max-snippet:-1","max-image-preview":"max-image-preview:large","max-video-preview":"max-video-preview:-1"},"canonical":"https:\/\/tufuturoangiologo.com.mx\/?page_id=93","og_locale":"es_ES","og_type":"article","og_title":"\u00bfQui\u00e9n soy?","og_description":"Dr. Sergio Antonio P\u00e9rez M\u00e9ndez","og_url":"https:\/\/tufuturoangiologo.com.mx\/?page_id=93","og_site_name":"www.tufuturoangiologo.com.mx","article_modified_time":"2023-07-19T20:20:00+00:00","og_image":[{"url":"https:\/\/tufuturoangiologo.com.mx\/wp-content\/uploads\/2023\/07\/images-22.jpeg","type":"","width":"","height":""}],"twitter_card":"summary_large_image","twitter_misc":{"Tiempo de lectura":"1 minuto"},"schema":{"@context":"https:\/\/schema.org","@graph":[{"@type":"WebPage","@id":"https:\/\/tufuturoangiologo.com.mx\/?page_id=93","url":"https:\/\/tufuturoangiologo.com.mx\/?page_id=93","name":"\u00bfQui\u00e9n soy? - www.tufuturoangiologo.com.mx","isPartOf":{"@id":"https:\/\/tufuturoangiologo.com.mx\/#website"},"primaryImageOfPage":{"@id":"https:\/\/tufuturoangiologo.com.mx\/?page_id=93#primaryimage"},"image":{"@id":"https:\/\/tufuturoangiologo.com.mx\/?page_id=93#primaryimage"},"thumbnailUrl":"https:\/\/tufuturoangiologo.com.mx\/wp-content\/uploads\/2023\/07\/images-22.jpeg","datePublished":"2023-07-18T15:58:12+00:00","dateModified":"2023-07-19T20:20:00+00:00","breadcrumb":{"@id":"https:\/\/tufuturoangiologo.com.mx\/?page_id=93#breadcrumb"},"inLanguage":"es","potentialAction":[{"@type":"ReadAction","target":["https:\/\/tufuturoangiologo.com.mx\/?page_id=93"]}]},{"@type":"ImageObject","inLanguage":"es","@id":"https:\/\/tufuturoangiologo.com.mx\/?page_id=93#primaryimage","url":"https:\/\/tufuturoangiologo.com.mx\/wp-content\/uploads\/2023\/07\/images-22.jpeg","contentUrl":"https:\/\/tufuturoangiologo.com.mx\/wp-content\/uploads\/2023\/07\/images-22.jpeg","width":544,"height":563},{"@type":"BreadcrumbList","@id":"https:\/\/tufuturoangiologo.com.mx\/?page_id=93#breadcrumb","itemListElement":[{"@type":"ListItem","position":1,"name":"Portada","item":"https:\/\/tufuturoangiologo.com.mx\/"},{"@type":"ListItem","position":2,"name":"\u00bfQui\u00e9n soy?"}]},{"@type":"WebSite","@id":"https:\/\/tufuturoangiologo.com.mx\/#website","url":"https:\/\/tufuturoangiologo.com.mx\/","name":"www.tufuturoangiologo.com.mx","description":"Tu salud vascular en las mejores manos","publisher":{"@id":"https:\/\/tufuturoangiologo.com.mx\/#organization"},"potentialAction":[{"@type":"SearchAction","target":{"@type":"EntryPoint","urlTemplate":"https:\/\/tufuturoangiologo.com.mx\/?s={search_term_string}"},"query-input":{"@type":"PropertyValueSpecification","valueRequired":true,"valueName":"search_term_string"}}],"inLanguage":"es"},{"@type":"Organization","@id":"https:\/\/tufuturoangiologo.com.mx\/#organization","name":"www.tufuturoangiologo.com.mx","url":"https:\/\/tufuturoangiologo.com.mx\/","logo":{"@type":"ImageObject","inLanguage":"es","@id":"https:\/\/tufuturoangiologo.com.mx\/#\/schema\/logo\/image\/","url":"https:\/\/tufuturoangiologo.com.mx\/wp-content\/uploads\/2025\/07\/cropped-SergioPerez_PNG-scaled-1.png","contentUrl":"https:\/\/tufuturoangiologo.com.mx\/wp-content\/uploads\/2025\/07\/cropped-SergioPerez_PNG-scaled-1.png","width":2245,"height":1787,"caption":"www.tufuturoangiologo.com.mx"},"image":{"@id":"https:\/\/tufuturoangiologo.com.mx\/#\/schema\/logo\/image\/"}}]}},"_links":{"self":[{"href":"https:\/\/tufuturoangiologo.com.mx\/index.php?rest_route=\/wp\/v2\/pages\/93","targetHints":{"allow":["GET"]}}],"collection":[{"href":"https:\/\/tufuturoangiologo.com.mx\/index.php?rest_route=\/wp\/v2\/pages"}],"about":[{"href":"https:\/\/tufuturoangiologo.com.mx\/index.php?rest_route=\/wp\/v2\/types\/page"}],"author":[{"embeddable":true,"href":"https:\/\/tufuturoangiologo.com.mx\/index.php?rest_route=\/wp\/v2\/users\/1"}],"replies":[{"embeddable":true,"href":"https:\/\/tufuturoangiologo.com.mx\/index.php?rest_route=%2Fwp%2Fv2%2Fcomments&post=93"}],"version-history":[{"count":2,"href":"https:\/\/tufuturoangiologo.com.mx\/index.php?rest_route=\/wp\/v2\/pages\/93\/revisions"}],"predecessor-version":[{"id":129,"href":"https:\/\/tufuturoangiologo.com.mx\/index.php?rest_route=\/wp\/v2\/pages\/93\/revisions\/129"}],"wp:attachment":[{"href":"https:\/\/tufuturoangiologo.com.mx\/index.php?rest_route=%2Fwp%2Fv2%2Fmedia&parent=93"}],"curies":[{"name":"wp","href":"https:\/\/api.w.org\/{rel}","templated":true}]}}